{"id":95,"date":"2022-01-27T10:58:29","date_gmt":"2022-01-27T10:58:29","guid":{"rendered":"http:\/\/cognito.mprinsdesign.nl\/?page_id=95"},"modified":"2026-04-15T12:56:47","modified_gmt":"2026-04-15T12:56:47","slug":"kompleks","status":"publish","type":"page","link":"https:\/\/hipodromomijas.com\/pl\/kompleks\/","title":{"rendered":"O Hip\u00f3dromo Mijas"},"content":{"rendered":"<section class=\"wpb-content-wrapper\">\n<div  class=\"content_row row page-content vc_row wpb_row  default-style fullwidth\" >\n\t\n\t<div class=\"content_row_wrapper  default\" >\n\t<div id=\"asdasd\" class=\"vc_col-sm-12 wpb_column vc_column_container\" >\n\t<div class=\"vc_column-inner\">\n\t\t<div class=\"wpb_wrapper\" >\n\t\t\t<div class=\"rt_heading_wrapper no-style\">\n\t\t\t\t\t\t<h1 class=\"rt_heading  no-style\"  style=\"font-size:24px;margin-top:24px;margin-bottom:0px;\">Hip\u00f3dromo Mijas- <span class=\"after_h1\">nowa budowa Mijas<\/span><\/h1> \n\t\t\t\t\t<\/div><div class=\"vc_empty_space\"   style=\"height: 32px\"><span class=\"vc_empty_space_inner\"><\/span><\/div><div class=\"vc_separator wpb_content_element vc_separator_align_center vc_sep_width_100 vc_sep_style-4 vc_sep_pos_align_center vc_separator_no_text vc_sep_color_grey\" ><span class=\"vc_sep_holder vc_sep_holder_l\"><span class=\"vc_sep_line\"><\/span><\/span><span class=\"vc_sep_holder vc_sep_holder_r\"><span class=\"vc_sep_line\"><\/span><\/span>\n<\/div>\n\t<div class=\"wpb_text_column wpb_content_element\" >\n\t\t<div class=\"wpb_wrapper\">\n\t\t\t<div class=\"\">\n<p><strong>Hip\u00f3dromo Mijas<\/strong>, specjalny projekt mieszkaniowy w <strong>Mijas, Hiszpania<\/strong>, w pobli\u017cu Hip\u00f3dromo Costa del Sol, dawnego toru wy\u015bcig\u00f3w konnych. Projekt obejmuje <strong>117 nowoczesnych apartament\u00f3w<\/strong> z <strong>1, 2 lub 3 sypialnie<\/strong>, roz\u0142o\u017cone na 3 budynkach po 4 pi\u0119tra plus penthouse. Wszystkie domy posiadaj\u0105 <strong>przestronne tarasy z widokiem na morze, gara\u017c i pomieszczenie gospodarcze<\/strong><\/p>\n<p><strong>Ceny i dost\u0119pno\u015b\u0107<\/strong><\/p>\n<ul>\n<li style=\"font-weight: 400;\" aria-level=\"1\"><span style=\"font-weight: 400;\">Dost\u0119pnych jest 117 dom\u00f3w w nast\u0119puj\u0105cych cenach pocz\u0105tkowych (15.04.2026):<\/span>\n<ul>\n<li style=\"font-weight: 400;\" aria-level=\"2\">2 sypialnie od <strong>\u20ac 278.000 <\/strong>+ VAT<\/li>\n<li style=\"font-weight: 400;\" aria-level=\"2\">3 sypialnie od <strong>\u20ac 344.000 <\/strong>+ VAT<\/li>\n<\/ul>\n<\/li>\n<\/ul>\n<p><a href=\"https:\/\/hipodromomijas.com\/pl\/wiecej-informacji\/\"><strong><em>Popro\u015b o aktualny cennik wszystkich dost\u0119pnych dom\u00f3w wraz z planami pi\u0119ter.<\/em><\/strong><\/a><\/p>\n<\/div>\n\n\t\t<\/div>\n\t<\/div>\n\n\t<div  class=\"wpb_single_image wpb_content_element vc_align_center\">\n\t\t\n\t\t<figure class=\"wpb_wrapper vc_figure\">\n\t\t\t<div class=\"vc_single_image-wrapper   vc_box_border_grey\"><img fetchpriority=\"high\" decoding=\"async\" width=\"1390\" height=\"785\" src=\"https:\/\/hipodromomijas.com\/wp-content\/uploads\/sites\/57\/2025\/07\/Hipo-Mijas-Pool-1.jpg\" class=\"vc_single_image-img attachment-full\" alt=\"Mijas M\u00e1laga Hip\u00f3dromo\" title=\"Basen Hipo-Mijas\" srcset=\"https:\/\/hipodromomijas.com\/wp-content\/uploads\/sites\/57\/2025\/07\/Hipo-Mijas-Pool-1.jpg 1390w, https:\/\/hipodromomijas.com\/wp-content\/uploads\/sites\/57\/2025\/07\/Hipo-Mijas-Pool-1-300x169.jpg 300w, https:\/\/hipodromomijas.com\/wp-content\/uploads\/sites\/57\/2025\/07\/Hipo-Mijas-Pool-1-1024x578.jpg 1024w, https:\/\/hipodromomijas.com\/wp-content\/uploads\/sites\/57\/2025\/07\/Hipo-Mijas-Pool-1-768x434.jpg 768w, https:\/\/hipodromomijas.com\/wp-content\/uploads\/sites\/57\/2025\/07\/Hipo-Mijas-Pool-1-18x10.jpg 18w\" sizes=\"(max-width: 1390px) 100vw, 1390px\" \/><\/div>\n\t\t<\/figure>\n\t<\/div>\n<div class=\"vc_btn3-container vc_btn3-center\" id=\"info\" ><a class=\"vc_general vc_btn3 vc_btn3-size-md vc_btn3-shape-square vc_btn3-style-modern vc_btn3-color-warning\" href=\"https:\/\/hipodromomijas.com\/pl\/wiecej-informacji\/\" title=\"Wi\u0119cej informacji\">POPRO\u015a O PAKIET INFORMACYJNY<\/a><\/div>\n\t<div class=\"wpb_text_column wpb_content_element\" >\n\t\t<div class=\"wpb_wrapper\">\n\t\t\t<p><strong>Odkryj Hip\u00f3dromo Mijas <\/strong><\/p>\n<p>Odkryj Hip\u00f3dromo Mijas, ekskluzywne nowe osiedle ze 117 domami jedno-, dwu- i trzypokojowymi, zaprojektowanymi z wykorzystaniem wysokiej jako\u015bci materia\u0142\u00f3w i wyko\u0144cze\u0144. Ciesz si\u0119 jasnymi tarasami i spektakularnymi widokami.<\/p>\n<p>Nowoczesny i funkcjonalny projekt zapewnia naturalne \u015bwiat\u0142o i przestronne przestrzenie mieszkalne. Wszystkie domy s\u0105 w pe\u0142ni wyposa\u017cone w kuchni\u0119 i sprz\u0119t AGD, system aerotermalnego podgrzewania wody oraz pe\u0142n\u0105 klimatyzacj\u0119.<\/p>\n<p>Hip\u00f3dromo Mijas, po\u0142o\u017cony w wyj\u0105tkowym otoczeniu przyrody, mi\u0119dzy morzem a g\u00f3rami, oferuje prywatny kompleks z zadbanymi ogrodami, wsp\u00f3lnym basenem, w pe\u0142ni wyposa\u017con\u0105 si\u0142owni\u0105, stref\u0105 do jogi i \u0107wicze\u0144 uwa\u017cno\u015bci, stref\u0105 sport\u00f3w na \u015bwie\u017cym powietrzu oraz przestrzeni\u0105 konferencyjn\u0105 zaprojektowan\u0105 z my\u015bl\u0105 o celebrowaniu wyj\u0105tkowych chwil.<\/p>\n<p>Osiedle Hip\u00f3dromo Mijas znajduje si\u0119 w gminie Mijas, tu\u017c obok Hip\u00f3dromo na Costa del Sol, zaledwie 25 minut od Marbelli. Doskona\u0142a infrastruktura zapewnia doskona\u0142e po\u0142\u0105czenia z mi\u0119dzynarodowymi lotniskami w Maladze i Gibraltarze. W pobli\u017cu znajduj\u0105 si\u0119 pla\u017ce, pola golfowe, restauracje, centra handlowe, mariny i wszystko, co czyni Costa del Sol miejscem wyj\u0105tkowym.<\/p>\n<p>Zamieszkaj w wyj\u0105tkowym kompleksie mieszkalnym, kt\u00f3ry \u0142\u0105czy w sobie ekskluzywno\u015b\u0107, komfort i dobre samopoczucie w uprzywilejowanym otoczeniu. Niech Hip\u00f3dromo Mijas stanie si\u0119 Twoim nowym domem.<\/p>\n<p><b>Wsp\u00f3lne obszary Hip\u00f3dromo Mijas:<\/b><\/p>\n<ul>\n<li style=\"font-weight: 400;\" aria-level=\"1\">zielone, gustownie zagospodarowane ogrody<\/li>\n<li style=\"font-weight: 400;\" aria-level=\"1\">pi\u0119kny basen<\/li>\n<li style=\"font-weight: 400;\" aria-level=\"1\">r\u00f3\u017cne strefy wypoczynkowe<\/li>\n<li style=\"font-weight: 400;\" aria-level=\"1\">si\u0142ownia<\/li>\n<li style=\"font-weight: 400;\" aria-level=\"1\">pok\u00f3j wsp\u00f3lny<\/li>\n<li style=\"font-weight: 400;\" aria-level=\"1\">specjalny pok\u00f3j do jogi<\/li>\n<li style=\"font-weight: 400;\" aria-level=\"1\">sala konferencyjna z zapleczem kuchennym<\/li>\n<li style=\"font-weight: 400;\" aria-level=\"1\">strefa fitness\/kalisteniczna na \u015bwie\u017cym powietrzu<\/li>\n<\/ul>\n<p><strong>Kupuj z pewno\u015bci\u0105<\/strong><\/p>\n<p>Deweloper tego projektu jest bardzo do\u015bwiadczonym i szanowanym podmiotem, kt\u00f3ry dostosuje si\u0119 do wymog\u00f3w prawnych okre\u015blonych w ustawie 38\/1999 z dnia 5 listopada, kt\u00f3ra mi\u0119dzy innymi ustanawia gwarancje dla nabywc\u00f3w nowo wybudowanych dom\u00f3w w Hiszpanii.<\/p>\n\n\t\t<\/div>\n\t<\/div>\n\n\t<div  class=\"wpb_single_image wpb_content_element vc_align_center\">\n\t\t\n\t\t<figure class=\"wpb_wrapper vc_figure\">\n\t\t\t<div class=\"vc_single_image-wrapper   vc_box_border_grey\"><img decoding=\"async\" width=\"1600\" height=\"897\" src=\"https:\/\/hipodromomijas.com\/wp-content\/uploads\/sites\/57\/2025\/06\/Hipo-Mijas-Fitness.jpg\" class=\"vc_single_image-img attachment-full\" alt=\"Fitness Hip\u00f3dromo Mijas\" title=\"Hipo-Mijas-Fitness\" srcset=\"https:\/\/hipodromomijas.com\/wp-content\/uploads\/sites\/57\/2025\/06\/Hipo-Mijas-Fitness.jpg 1600w, https:\/\/hipodromomijas.com\/wp-content\/uploads\/sites\/57\/2025\/06\/Hipo-Mijas-Fitness-300x168.jpg 300w, https:\/\/hipodromomijas.com\/wp-content\/uploads\/sites\/57\/2025\/06\/Hipo-Mijas-Fitness-1024x574.jpg 1024w, https:\/\/hipodromomijas.com\/wp-content\/uploads\/sites\/57\/2025\/06\/Hipo-Mijas-Fitness-768x431.jpg 768w, https:\/\/hipodromomijas.com\/wp-content\/uploads\/sites\/57\/2025\/06\/Hipo-Mijas-Fitness-1536x861.jpg 1536w, https:\/\/hipodromomijas.com\/wp-content\/uploads\/sites\/57\/2025\/06\/Hipo-Mijas-Fitness-18x10.jpg 18w\" sizes=\"(max-width: 1600px) 100vw, 1600px\" \/><\/div>\n\t\t<\/figure>\n\t<\/div>\n<div class=\"vc_btn3-container vc_btn3-center\" ><a class=\"vc_general vc_btn3 vc_btn3-size-md vc_btn3-shape-square vc_btn3-style-modern vc_btn3-color-warning\" href=\"https:\/\/hipodromomijas.com\/pl\/wiecej-informacji\/\" title=\"Wi\u0119cej informacji\">POPRO\u015a O PAKIET INFORMACYJNY<\/a><\/div>\n\t<div class=\"wpb_text_column wpb_content_element\" >\n\t\t<div class=\"wpb_wrapper\">\n\t\t\t<div class=\"\">\n<p><strong>HIP\u00d3DROMO MIJAS \u2013 Opis budowy<\/strong><\/p>\n<p><strong>Fundament i struktura<\/strong><br \/>\nFundament i konstrukcja wykonane s\u0105 z betonu zbrojonego.<\/p>\n<p><strong>\u015aciany wewn\u0119trzne<\/strong><br \/>\n\u015aciany wewn\u0119trzne dom\u00f3w wykonane s\u0105 z p\u0142yt gipsowo-kartonowych laminowanych na konstrukcji metalowej z izolacj\u0105 termo-akustyczn\u0105.<br \/>\nW \u0142azienkach i kuchniach zainstalowano system hydrofobowy.<br \/>\n\u015aciany dzia\u0142owe mi\u0119dzy domami zbudowano z ceg\u0142y, obustronnie pokryto p\u0142yt\u0105 gipsowo-kartonow\u0105 i ocieplono izolacj\u0105 akustyczn\u0105.<\/p>\n<p><strong>Fasady i dachy<\/strong><\/p>\n<p>Elewacje wykonano z ceg\u0142y perforowanej pokrytej zapraw\u0105 murarsk\u0105, z izolacj\u0105 termiczno-akustyczn\u0105 w ok\u0142adzinie.<br \/>\nDachy p\u0142askie posiadaj\u0105 izolacj\u0119 termiczn\u0105 oraz wodoodporn\u0105 warstw\u0119 asfaltow\u0105, wyko\u0144czon\u0105 \u017cwirem.<\/p>\n<p><strong>Pod\u0142ogi i tapicerka<\/strong><\/p>\n<p>W salonach, kuchniach i sypialniach dom\u00f3w po\u0142o\u017cono pod\u0142ogi z kamionki lub laminatu. W \u0142azienkach po\u0142o\u017cono gres porcelanowy i ceramiczne p\u0142ytki \u015bcienne.<\/p>\n<p>Kuchnie wyposa\u017cone s\u0105 w blaty kwarcowe w cz\u0119\u015bci meblowej.<br \/>\nW miejscach, gdzie przebiegaj\u0105 kana\u0142y klimatyzacyjne, stosuje si\u0119 g\u0142adkie sufity podwieszane.<\/p>\n<p>Wewn\u0119trzne \u015bciany dom\u00f3w wyko\u0144czono g\u0142adk\u0105 farb\u0105.<\/p>\n<p>Tarasy posiadaj\u0105 antypo\u015blizgow\u0105 porcelanow\u0105 pod\u0142og\u0119 zewn\u0119trzn\u0105.<\/p>\n<p><strong>Stolarka zewn\u0119trzna<\/strong><\/p>\n<p>Okna i drzwi tarasowe wykonane s\u0105 z aluminium lub PCV z podw\u00f3jnymi szybami, komor\u0105 izolacyjn\u0105 i przek\u0142adk\u0105 termiczn\u0105.<\/p>\n<p>Skrzynki roletowe wyposa\u017cone s\u0105 we wbudowan\u0105 izolacj\u0119 termiczn\u0105.<\/p>\n<p>Rolety w sypialniach wykonane s\u0105 z profili izolowanych termicznie.<\/p>\n<p><strong>Stolarstwo wewn\u0119trzne<\/strong><\/p>\n<p>Drzwi wej\u015bciowe do domu s\u0105 pancerne, wyposa\u017cone w zamek zabezpieczaj\u0105cy i wizjer.<\/p>\n<p>Drzwi wewn\u0119trzne s\u0105 g\u0142adkie, lakierowane.<\/p>\n<p>Wbudowane szafy tego samego typu i jako\u015bci co drzwi wewn\u0119trzne, z dziel\u0105c\u0105 p\u00f3\u0142k\u0105 i dr\u0105\u017ckiem na wieszaki.<\/p>\n<p><strong>Kuchnia: Meble i sprz\u0119t AGD<\/strong><\/p>\n<p>Kuchnie wyposa\u017cone s\u0105 w wysokie i niskie szafki.<\/p>\n<p>Wyposa\u017cone s\u0105 w nast\u0119puj\u0105ce sprz\u0119ty AGD: piekarnik, kuchenk\u0119 mikrofalow\u0105, p\u0142yt\u0119 indukcyjn\u0105 i okap.<\/p>\n<p>Blat wykonany jest z kwarcu kompaktowego lub podobnego materia\u0142u.<\/p>\n<p>Zlew ze stali nierdzewnej i wysoki kran.<\/p>\n<p><strong>Elektryczno\u015b\u0107 i Telekomunikacja<\/strong><\/p>\n<p>Instalacja elektryczna spe\u0142nia wymogi obowi\u0105zuj\u0105cych przepis\u00f3w (REBT i CTE).<\/p>\n<p>Wideodomofon do kontroli dost\u0119pu.<\/p>\n<p>Pod\u0142\u0105czenia telewizyjne w salonie, kuchni i sypialniach.<\/p>\n<p>Pod\u0142\u0105czenia telefoniczne w salonie, kuchni i sypialni g\u0142\u00f3wnej zgodne z obowi\u0105zuj\u0105cymi przepisami.<\/p>\n<p><strong>Sanitarne i krany<\/strong><\/p>\n<p>Bia\u0142e, szkliwione naczynia sanitarne porcelanowe z bateriami jednouchwytowymi.<\/p>\n<p>Wanny i\/lub brodziki \u017cywiczne, w zale\u017cno\u015bci od rodzaju domu.<\/p>\n<p>Umywalka nablatowa i lustro w g\u0142\u00f3wnej \u0142azience.<\/p>\n<p><strong>Klimatyzacja i ciep\u0142a woda<\/strong><\/p>\n<p>Klimatyzacja kana\u0142owa (pompa ciep\u0142a\/zimna) we wszystkich pomieszczeniach (opr\u00f3cz \u0142azienek i kuchni).<\/p>\n<p>Instalacja wentylacji mechanicznej w kuchniach i \u0142azienkach (zar\u00f3wno pe\u0142nych jak i p\u00f3\u0142\u0142azienkowych).<\/p>\n<p>System produkcji ciep\u0142ej wody u\u017cytkowej (CWU) wykorzystuj\u0105cy aerotermi\u0119 lub pomp\u0119 ciep\u0142a.<\/p>\n<p><strong>Instalacje og\u00f3lne<\/strong><\/p>\n<p>Automatyczne drzwi dost\u0119powe dla pojazd\u00f3w.<\/p>\n<p>Wsp\u00f3lny basen.<\/p>\n<p>Przestronne, zagospodarowane ogrody.<\/p>\n<p>Urz\u0105dzenia do \u0142adowania pojazd\u00f3w elektrycznych w piwnicach, zgodnie z obowi\u0105zuj\u0105cymi przepisami.<\/p>\n<p><strong>Tereny sportowe na \u015bwie\u017cym powietrzu<\/strong><\/p>\n<p>Si\u0142ownia.<\/p>\n<p>Obszar wsp\u00f3lny.<\/p>\n<p>Sala do jogi i uwa\u017cno\u015bci.<\/p>\n<p><strong>Certyfikacja energetyczna<\/strong><\/p>\n<p>Budynek posiada klas\u0119 energetyczn\u0105 B (w tej fazie projektu).<\/p>\n<pre><em>Uwagi:<\/em>\r\n<em>Niniejsza strona internetowa ma charakter wy\u0142\u0105cznie informacyjny i nie jest wi\u0105\u017c\u0105ca umownie.<\/em>\r\n<em>Infografiki i plany pi\u0119ter oparte s\u0105 na projekcie wst\u0119pnym i mog\u0105 ulec zmianie ze wzgl\u0119du na wymogi administracyjne, techniczne lub prawne. Deweloper zastrzega sobie prawo do jednostronnego wprowadzania niezb\u0119dnych zmian, bez istotnej zmiany za\u0142o\u017ce\u0144 projektu i bez uszczerbku dla jako\u015bci materia\u0142\u00f3w; zostan\u0105 one zast\u0105pione materia\u0142ami o r\u00f3wnej lub wy\u017cszej jako\u015bci.\r\n<\/em><em>Meble i dekoracje widoczne na infografikach i planach pi\u0119ter nie s\u0105 uwzgl\u0119dnione.\r\n<\/em><em>Wyko\u0144czenia, materia\u0142y, kolory, urz\u0105dzenia sanitarne i meble kuchenne s\u0105 jedynie przyk\u0142adami i nie s\u0105 wi\u0105\u017c\u0105ce umownie.<\/em>.<\/pre>\n<p>&nbsp;<\/p>\n<\/div>\n\n\t\t<\/div>\n\t<\/div>\n\n\t<div class=\"wpb_text_column wpb_content_element\" >\n\t\t<div class=\"wpb_wrapper\">\n\t\t\t<p>Chcesz otrzymywa\u0107 naj\u015bwie\u017csze informacje o dost\u0119pno\u015bci i cenach? Zapytaj nas <a href=\"https:\/\/hipodromomijas.com\/pl\/wiecej-informacji\/\"><strong>pakiet informacyjny zawieraj\u0105cy obszerne informacje i broszur\u0119 pod adresem &gt;&gt;&gt;<\/strong><\/a><\/p>\n<p>Masz konkretne pytanie lub chcesz um\u00f3wi\u0107 si\u0119 na spotkanie? Zadzwo\u0144 do Rona de Vriesa pod numer +34 677 67 04 80<\/p>\n\n\t\t<\/div>\n\t<\/div>\n<div class=\"vc_btn3-container vc_btn3-center\" ><a class=\"vc_general vc_btn3 vc_btn3-size-md vc_btn3-shape-square vc_btn3-style-modern vc_btn3-color-warning\" href=\"https:\/\/hipodromomijas.com\/pl\/wiecej-informacji\/\" title=\"Wi\u0119cej informacji\">POPRO\u015a O PAKIET INFORMACYJNY<\/a><\/div>\n\t\t<\/div>\n\t<\/div>\n\t<\/div>\n\n<\/div>\n<\/div>\n\n<\/section>","protected":false},"excerpt":{"rendered":"<p>\u2026 <a class=\"more-link\" href=\"https:\/\/hipodromomijas.com\/pl\/kompleks\/\">Kontynuuj czytanie<\/a><\/p>","protected":false},"author":1,"featured_media":4374,"parent":0,"menu_order":3,"comment_status":"closed","ping_status":"closed","template":"","meta":{"footnotes":""},"class_list":["post-95","page","type-page","status-publish","has-post-thumbnail","hentry"],"yoast_head":"<!-- This site is optimized with the Yoast SEO plugin v26.0 - https:\/\/yoast.com\/wordpress\/plugins\/seo\/ -->\n<title>Over Hip\u00f3dromo Mijas - Hip\u00f3dromo Mijas<\/title>\n<meta name=\"robots\" content=\"index, follow, max-snippet:-1, max-image-preview:large, max-video-preview:-1\" \/>\n<link rel=\"canonical\" href=\"https:\/\/hipodromomijas.com\/pl\/kompleks\/\" \/>\n<meta property=\"og:locale\" content=\"pl_PL\" \/>\n<meta property=\"og:type\" content=\"article\" \/>\n<meta property=\"og:title\" content=\"Over Hip\u00f3dromo Mijas - Hip\u00f3dromo Mijas\" \/>\n<meta property=\"og:url\" content=\"https:\/\/hipodromomijas.com\/pl\/kompleks\/\" \/>\n<meta property=\"og:site_name\" content=\"Hip\u00f3dromo Mijas\" \/>\n<meta property=\"article:modified_time\" content=\"2026-04-15T12:56:47+00:00\" \/>\n<meta property=\"og:image\" content=\"https:\/\/hipodromomijas.com\/wp-content\/uploads\/sites\/57\/2025\/06\/Hipo-Mijas-Pool.jpg\" \/>\n\t<meta property=\"og:image:width\" content=\"1390\" \/>\n\t<meta property=\"og:image:height\" content=\"785\" \/>\n\t<meta property=\"og:image:type\" content=\"image\/jpeg\" \/>\n<meta name=\"twitter:card\" content=\"summary_large_image\" \/>\n<meta name=\"twitter:label1\" content=\"Szacowany czas czytania\" \/>\n\t<meta name=\"twitter:data1\" content=\"5 minut\" \/>\n<script type=\"application\/ld+json\" class=\"yoast-schema-graph\">{\"@context\":\"https:\/\/schema.org\",\"@graph\":[{\"@type\":\"WebPage\",\"@id\":\"https:\/\/hipodromomijas.com\/het-complex\/\",\"url\":\"https:\/\/hipodromomijas.com\/het-complex\/\",\"name\":\"Over Hip\u00f3dromo Mijas - Hip\u00f3dromo Mijas\",\"isPartOf\":{\"@id\":\"https:\/\/hipodromomijas.com\/#website\"},\"primaryImageOfPage\":{\"@id\":\"https:\/\/hipodromomijas.com\/het-complex\/#primaryimage\"},\"image\":{\"@id\":\"https:\/\/hipodromomijas.com\/het-complex\/#primaryimage\"},\"thumbnailUrl\":\"https:\/\/hipodromomijas.com\/wp-content\/uploads\/sites\/57\/2025\/06\/Hipo-Mijas-Pool.jpg\",\"datePublished\":\"2022-01-27T10:58:29+00:00\",\"dateModified\":\"2026-04-15T12:56:47+00:00\",\"breadcrumb\":{\"@id\":\"https:\/\/hipodromomijas.com\/het-complex\/#breadcrumb\"},\"inLanguage\":\"pl-PL\",\"potentialAction\":[{\"@type\":\"ReadAction\",\"target\":[\"https:\/\/hipodromomijas.com\/het-complex\/\"]}]},{\"@type\":\"ImageObject\",\"inLanguage\":\"pl-PL\",\"@id\":\"https:\/\/hipodromomijas.com\/het-complex\/#primaryimage\",\"url\":\"https:\/\/hipodromomijas.com\/wp-content\/uploads\/sites\/57\/2025\/06\/Hipo-Mijas-Pool.jpg\",\"contentUrl\":\"https:\/\/hipodromomijas.com\/wp-content\/uploads\/sites\/57\/2025\/06\/Hipo-Mijas-Pool.jpg\",\"width\":1390,\"height\":785},{\"@type\":\"BreadcrumbList\",\"@id\":\"https:\/\/hipodromomijas.com\/het-complex\/#breadcrumb\",\"itemListElement\":[{\"@type\":\"ListItem\",\"position\":1,\"name\":\"Home\",\"item\":\"https:\/\/hipodromomijas.com\/\"},{\"@type\":\"ListItem\",\"position\":2,\"name\":\"Over Hip\u00f3dromo Mijas\"}]},{\"@type\":\"WebSite\",\"@id\":\"https:\/\/hipodromomijas.com\/#website\",\"url\":\"https:\/\/hipodromomijas.com\/\",\"name\":\"Hip\u00f3dromo Mijas\",\"description\":\"In the new hotspot of the Costa Del Sol\",\"potentialAction\":[{\"@type\":\"SearchAction\",\"target\":{\"@type\":\"EntryPoint\",\"urlTemplate\":\"https:\/\/hipodromomijas.com\/?s={search_term_string}\"},\"query-input\":{\"@type\":\"PropertyValueSpecification\",\"valueRequired\":true,\"valueName\":\"search_term_string\"}}],\"inLanguage\":\"pl-PL\"}]}<\/script>\n<!-- \/ Yoast SEO plugin. -->","yoast_head_json":{"title":"O Hip\u00f3dromo Mijas - Hip\u00f3dromo Mijas","robots":{"index":"index","follow":"follow","max-snippet":"max-snippet:-1","max-image-preview":"max-image-preview:large","max-video-preview":"max-video-preview:-1"},"canonical":"https:\/\/hipodromomijas.com\/pl\/kompleks\/","og_locale":"pl_PL","og_type":"article","og_title":"Over Hip\u00f3dromo Mijas - Hip\u00f3dromo Mijas","og_url":"https:\/\/hipodromomijas.com\/pl\/kompleks\/","og_site_name":"Hip\u00f3dromo Mijas","article_modified_time":"2026-04-15T12:56:47+00:00","og_image":[{"width":1390,"height":785,"url":"https:\/\/hipodromomijas.com\/wp-content\/uploads\/sites\/57\/2025\/06\/Hipo-Mijas-Pool.jpg","type":"image\/jpeg"}],"twitter_card":"summary_large_image","twitter_misc":{"Szacowany czas czytania":"5 minut"},"schema":{"@context":"https:\/\/schema.org","@graph":[{"@type":"WebPage","@id":"https:\/\/hipodromomijas.com\/het-complex\/","url":"https:\/\/hipodromomijas.com\/het-complex\/","name":"O Hip\u00f3dromo Mijas - Hip\u00f3dromo Mijas","isPartOf":{"@id":"https:\/\/hipodromomijas.com\/#website"},"primaryImageOfPage":{"@id":"https:\/\/hipodromomijas.com\/het-complex\/#primaryimage"},"image":{"@id":"https:\/\/hipodromomijas.com\/het-complex\/#primaryimage"},"thumbnailUrl":"https:\/\/hipodromomijas.com\/wp-content\/uploads\/sites\/57\/2025\/06\/Hipo-Mijas-Pool.jpg","datePublished":"2022-01-27T10:58:29+00:00","dateModified":"2026-04-15T12:56:47+00:00","breadcrumb":{"@id":"https:\/\/hipodromomijas.com\/het-complex\/#breadcrumb"},"inLanguage":"pl-PL","potentialAction":[{"@type":"ReadAction","target":["https:\/\/hipodromomijas.com\/het-complex\/"]}]},{"@type":"ImageObject","inLanguage":"pl-PL","@id":"https:\/\/hipodromomijas.com\/het-complex\/#primaryimage","url":"https:\/\/hipodromomijas.com\/wp-content\/uploads\/sites\/57\/2025\/06\/Hipo-Mijas-Pool.jpg","contentUrl":"https:\/\/hipodromomijas.com\/wp-content\/uploads\/sites\/57\/2025\/06\/Hipo-Mijas-Pool.jpg","width":1390,"height":785},{"@type":"BreadcrumbList","@id":"https:\/\/hipodromomijas.com\/het-complex\/#breadcrumb","itemListElement":[{"@type":"ListItem","position":1,"name":"Home","item":"https:\/\/hipodromomijas.com\/"},{"@type":"ListItem","position":2,"name":"Over Hip\u00f3dromo Mijas"}]},{"@type":"WebSite","@id":"https:\/\/hipodromomijas.com\/#website","url":"https:\/\/hipodromomijas.com\/","name":"Hip\u00f3dromo Mijas","description":"W nowym, popularnym miejscu na Costa Del Sol","potentialAction":[{"@type":"SearchAction","target":{"@type":"EntryPoint","urlTemplate":"https:\/\/hipodromomijas.com\/?s={search_term_string}"},"query-input":{"@type":"PropertyValueSpecification","valueRequired":true,"valueName":"search_term_string"}}],"inLanguage":"pl-PL"}]}},"_links":{"self":[{"href":"https:\/\/hipodromomijas.com\/pl\/wp-json\/wp\/v2\/pages\/95","targetHints":{"allow":["GET"]}}],"collection":[{"href":"https:\/\/hipodromomijas.com\/pl\/wp-json\/wp\/v2\/pages"}],"about":[{"href":"https:\/\/hipodromomijas.com\/pl\/wp-json\/wp\/v2\/types\/page"}],"author":[{"embeddable":true,"href":"https:\/\/hipodromomijas.com\/pl\/wp-json\/wp\/v2\/users\/1"}],"replies":[{"embeddable":true,"href":"https:\/\/hipodromomijas.com\/pl\/wp-json\/wp\/v2\/comments?post=95"}],"version-history":[{"count":101,"href":"https:\/\/hipodromomijas.com\/pl\/wp-json\/wp\/v2\/pages\/95\/revisions"}],"predecessor-version":[{"id":4448,"href":"https:\/\/hipodromomijas.com\/pl\/wp-json\/wp\/v2\/pages\/95\/revisions\/4448"}],"wp:featuredmedia":[{"embeddable":true,"href":"https:\/\/hipodromomijas.com\/pl\/wp-json\/wp\/v2\/media\/4374"}],"wp:attachment":[{"href":"https:\/\/hipodromomijas.com\/pl\/wp-json\/wp\/v2\/media?parent=95"}],"curies":[{"name":"wp","href":"https:\/\/api.w.org\/{rel}","templated":true}]}}