{"id":95,"date":"2022-01-27T10:58:29","date_gmt":"2022-01-27T10:58:29","guid":{"rendered":"http:\/\/cognito.mprinsdesign.nl\/?page_id=95"},"modified":"2026-04-15T12:56:47","modified_gmt":"2026-04-15T12:56:47","slug":"der-komplex","status":"publish","type":"page","link":"https:\/\/hipodromomijas.com\/de\/der-komplex\/","title":{"rendered":"\u00dcber Hip\u00f3dromo Mijas"},"content":{"rendered":"<section class=\"wpb-content-wrapper\">\n<div  class=\"content_row row page-content vc_row wpb_row  default-style fullwidth\" >\n\t\n\t<div class=\"content_row_wrapper  default\" >\n\t<div id=\"asdasd\" class=\"vc_col-sm-12 wpb_column vc_column_container\" >\n\t<div class=\"vc_column-inner\">\n\t\t<div class=\"wpb_wrapper\" >\n\t\t\t<div class=\"rt_heading_wrapper no-style\">\n\t\t\t\t\t\t<h1 class=\"rt_heading  no-style\"  style=\"font-size:24px;margin-top:24px;margin-bottom:0px;\">Hip\u00f3dromo Mijas- <span class=\"after_h1\">Neubau Mijas<\/span><\/h1> \n\t\t\t\t\t<\/div><div class=\"vc_empty_space\"   style=\"height: 32px\"><span class=\"vc_empty_space_inner\"><\/span><\/div><div class=\"vc_separator wpb_content_element vc_separator_align_center vc_sep_width_100 vc_sep_style-4 vc_sep_pos_align_center vc_separator_no_text vc_sep_color_grey\" ><span class=\"vc_sep_holder vc_sep_holder_l\"><span class=\"vc_sep_line\"><\/span><\/span><span class=\"vc_sep_holder vc_sep_holder_r\"><span class=\"vc_sep_line\"><\/span><\/span>\n<\/div>\n\t<div class=\"wpb_text_column wpb_content_element\" >\n\t\t<div class=\"wpb_wrapper\">\n\t\t\t<div class=\"\">\n<p><strong>Hip\u00f3dromo von Mijas<\/strong>, ein besonderes Wohnprojekt in <strong>Mijas, Spanien<\/strong>, in der N\u00e4he des Hip\u00f3dromo Costa del Sol, der ehemaligen Pferderennbahn. Das Projekt umfasst <strong>117 moderne Wohnungen<\/strong> von <strong>1, 2 oder 3 Schlafzimmer<\/strong>, verteilt auf 3 Geb\u00e4ude mit jeweils 4 Etagen plus Penthouse. Alle H\u00e4user verf\u00fcgen \u00fcber <strong>ger\u00e4umige Terrassen mit Meerblick und verf\u00fcgen \u00fcber eine Garage und einen Abstellraum<\/strong><\/p>\n<p><strong>Preise und Verf\u00fcgbarkeit<\/strong><\/p>\n<ul>\n<li style=\"font-weight: 400;\" aria-level=\"1\"><span style=\"font-weight: 400;\">Es gibt 117 H\u00e4user mit folgenden Startpreisen (15.04.2026):<\/span>\n<ul>\n<li style=\"font-weight: 400;\" aria-level=\"2\">2 Schlafzimmer ab <strong>\u20ac 278.000 <\/strong>+ MwSt.<\/li>\n<li style=\"font-weight: 400;\" aria-level=\"2\">3 Schlafzimmer ab <strong>\u20ac 344.000 <\/strong>+ MwSt.<\/li>\n<\/ul>\n<\/li>\n<\/ul>\n<p><a href=\"https:\/\/hipodromomijas.com\/de\/mehr-informationen\/\"><strong><em>Fordern Sie die aktuelle Preisliste aller verf\u00fcgbaren H\u00e4user mit Grundrissen an.<\/em><\/strong><\/a><\/p>\n<\/div>\n\n\t\t<\/div>\n\t<\/div>\n\n\t<div  class=\"wpb_single_image wpb_content_element vc_align_center\">\n\t\t\n\t\t<figure class=\"wpb_wrapper vc_figure\">\n\t\t\t<div class=\"vc_single_image-wrapper   vc_box_border_grey\"><img fetchpriority=\"high\" decoding=\"async\" width=\"1390\" height=\"785\" src=\"https:\/\/hipodromomijas.com\/wp-content\/uploads\/sites\/57\/2025\/07\/Hipo-Mijas-Pool-1.jpg\" class=\"vc_single_image-img attachment-full\" alt=\"Hip\u00f3dromo Mijas M\u00e1laga\" title=\"Hipo-Mijas-Pool\" srcset=\"https:\/\/hipodromomijas.com\/wp-content\/uploads\/sites\/57\/2025\/07\/Hipo-Mijas-Pool-1.jpg 1390w, https:\/\/hipodromomijas.com\/wp-content\/uploads\/sites\/57\/2025\/07\/Hipo-Mijas-Pool-1-300x169.jpg 300w, https:\/\/hipodromomijas.com\/wp-content\/uploads\/sites\/57\/2025\/07\/Hipo-Mijas-Pool-1-1024x578.jpg 1024w, https:\/\/hipodromomijas.com\/wp-content\/uploads\/sites\/57\/2025\/07\/Hipo-Mijas-Pool-1-768x434.jpg 768w, https:\/\/hipodromomijas.com\/wp-content\/uploads\/sites\/57\/2025\/07\/Hipo-Mijas-Pool-1-18x10.jpg 18w\" sizes=\"(max-width: 1390px) 100vw, 1390px\" \/><\/div>\n\t\t<\/figure>\n\t<\/div>\n<div class=\"vc_btn3-container vc_btn3-center\" id=\"info\" ><a class=\"vc_general vc_btn3 vc_btn3-size-md vc_btn3-shape-square vc_btn3-style-modern vc_btn3-color-warning\" href=\"https:\/\/hipodromomijas.com\/de\/mehr-informationen\/\" title=\"Mehr Informationen\">INFORMATIONSPAKET ANFORDERN<\/a><\/div>\n\t<div class=\"wpb_text_column wpb_content_element\" >\n\t\t<div class=\"wpb_wrapper\">\n\t\t\t<p><strong>Entdecken Sie Hip\u00f3dromo Mijas <\/strong><\/p>\n<p>Entdecken Sie Hip\u00f3dromo Mijas, eine exklusive Neubauanlage mit 117 Ein-, Zwei- und Dreizimmerwohnungen, die mit hochwertigen Materialien und Oberfl\u00e4chen gestaltet wurden. Genie\u00dfen Sie helle Terrassen und eine spektakul\u00e4re Aussicht.<\/p>\n<p>Das moderne und funktionale Design bietet Tageslicht und gro\u00dfz\u00fcgige Wohnbereiche. Alle H\u00e4user sind komplett ausgestattet mit Einbauk\u00fcche und Ger\u00e4ten, aerothermischem Warmwassersystem und Klimaanlage.<\/p>\n<p>Hip\u00f3dromo Mijas liegt in einer einzigartigen nat\u00fcrlichen Umgebung zwischen Meer und Bergen und bietet eine private Urbanisation mit angelegten G\u00e4rten, einem Gemeinschaftspool, einem voll ausgestatteten Fitnessstudio, einem Yoga- und Achtsamkeitsbereich, einer Sportzone im Freien und einem Tagungsraum, der zum Feiern besonderer Momente konzipiert ist.<\/p>\n<p>Die Urbanisation Hip\u00f3dromo Mijas befindet sich in der Gemeinde Mijas, neben dem Hip\u00f3dromo an der Costa del Sol und nur 25 Minuten von Marbella entfernt. Die hervorragende Infrastruktur bietet hervorragende Verbindungen zu den internationalen Flugh\u00e4fen M\u00e1laga und Gibraltar. Str\u00e4nde, Golfpl\u00e4tze, Restaurants, Einkaufszentren, Yachth\u00e4fen und alles, was die Costa del Sol zu einem einzigartigen Ort macht, sind in der N\u00e4he.<\/p>\n<p>Wohnen Sie in einer au\u00dfergew\u00f6hnlichen Wohnanlage, die Exklusivit\u00e4t, Komfort und Wohlbefinden in einer privilegierten Lage vereint. Machen Sie Hip\u00f3dromo Mijas zu Ihrem neuen Zuhause.<\/p>\n<p><b>\u00d6ffentliche Bereiche des Hip\u00f3dromo Mijas:<\/b><\/p>\n<ul>\n<li style=\"font-weight: 400;\" aria-level=\"1\">gr\u00fcne, geschmackvoll angelegte G\u00e4rten<\/li>\n<li style=\"font-weight: 400;\" aria-level=\"1\">ein sch\u00f6nes Schwimmbad<\/li>\n<li style=\"font-weight: 400;\" aria-level=\"1\">verschiedene Loungebereiche<\/li>\n<li style=\"font-weight: 400;\" aria-level=\"1\">einen Fitnessraum<\/li>\n<li style=\"font-weight: 400;\" aria-level=\"1\">ein Gemeinschaftsraum<\/li>\n<li style=\"font-weight: 400;\" aria-level=\"1\">ein spezieller Yoga-Raum<\/li>\n<li style=\"font-weight: 400;\" aria-level=\"1\">Tagungsraum mit K\u00fcchenausstattung<\/li>\n<li style=\"font-weight: 400;\" aria-level=\"1\">Outdoor-Fitness-\/Calisthenics-Bereich<\/li>\n<\/ul>\n<p><strong>Kaufen Sie mit Vertrauen<\/strong><\/p>\n<p>Der Entwickler dieses Projekts ist ein sehr erfahrener und angesehener Akteur, der die gesetzlichen Anforderungen des Gesetzes 38\/1999 vom 5. November erf\u00fcllt, das unter anderem die Garantien f\u00fcr K\u00e4ufer von Neubauh\u00e4usern in Spanien festlegt.<\/p>\n\n\t\t<\/div>\n\t<\/div>\n\n\t<div  class=\"wpb_single_image wpb_content_element vc_align_center\">\n\t\t\n\t\t<figure class=\"wpb_wrapper vc_figure\">\n\t\t\t<div class=\"vc_single_image-wrapper   vc_box_border_grey\"><img decoding=\"async\" width=\"1600\" height=\"897\" src=\"https:\/\/hipodromomijas.com\/wp-content\/uploads\/sites\/57\/2025\/06\/Hipo-Mijas-Fitness.jpg\" class=\"vc_single_image-img attachment-full\" alt=\"Fitness Hip\u00f3dromo Mijas\" title=\"Hipo-Mijas-Fitness\" srcset=\"https:\/\/hipodromomijas.com\/wp-content\/uploads\/sites\/57\/2025\/06\/Hipo-Mijas-Fitness.jpg 1600w, https:\/\/hipodromomijas.com\/wp-content\/uploads\/sites\/57\/2025\/06\/Hipo-Mijas-Fitness-300x168.jpg 300w, https:\/\/hipodromomijas.com\/wp-content\/uploads\/sites\/57\/2025\/06\/Hipo-Mijas-Fitness-1024x574.jpg 1024w, https:\/\/hipodromomijas.com\/wp-content\/uploads\/sites\/57\/2025\/06\/Hipo-Mijas-Fitness-768x431.jpg 768w, https:\/\/hipodromomijas.com\/wp-content\/uploads\/sites\/57\/2025\/06\/Hipo-Mijas-Fitness-1536x861.jpg 1536w, https:\/\/hipodromomijas.com\/wp-content\/uploads\/sites\/57\/2025\/06\/Hipo-Mijas-Fitness-18x10.jpg 18w\" sizes=\"(max-width: 1600px) 100vw, 1600px\" \/><\/div>\n\t\t<\/figure>\n\t<\/div>\n<div class=\"vc_btn3-container vc_btn3-center\" ><a class=\"vc_general vc_btn3 vc_btn3-size-md vc_btn3-shape-square vc_btn3-style-modern vc_btn3-color-warning\" href=\"https:\/\/hipodromomijas.com\/de\/mehr-informationen\/\" title=\"Mehr Informationen\">INFORMATIONSPAKET ANFORDERN<\/a><\/div>\n\t<div class=\"wpb_text_column wpb_content_element\" >\n\t\t<div class=\"wpb_wrapper\">\n\t\t\t<div class=\"\">\n<p><strong>Hip\u00f3drom Mijas \u2013 Baubeschreibung<\/strong><\/p>\n<p><strong>Gr\u00fcndung und Struktur<\/strong><br \/>\nFundament und Tragwerk bestehen aus Stahlbeton.<\/p>\n<p><strong>Innenw\u00e4nde<\/strong><br \/>\nDie Innenw\u00e4nde der H\u00e4user bestehen aus laminierten Gipskartonplatten auf einer Metallkonstruktion mit thermoakustischer Isolierung.<br \/>\nIn Badezimmern und K\u00fcchen wurde ein wasserabweisendes System installiert.<br \/>\nDie Trennw\u00e4nde zwischen den H\u00e4usern bestehen aus Ziegeln, sind beidseitig mit Gipskartonplatten verkleidet und mit einer Schalld\u00e4mmung versehen.<\/p>\n<p><strong>Fassaden und D\u00e4cher<\/strong><\/p>\n<p>Die Fassaden bestehen aus mit M\u00f6rtel verkleideten Lochziegeln und verf\u00fcgen \u00fcber eine thermische und akustische Isolierung in der Verkleidung.<br \/>\nDie Flachd\u00e4cher verf\u00fcgen \u00fcber eine W\u00e4rmed\u00e4mmung und eine wasserdichte Asphaltschicht mit Kiesabschluss.<\/p>\n<p><strong>B\u00f6den und Polster<\/strong><\/p>\n<p>Die Wohnr\u00e4ume, K\u00fcchen und Schlafzimmer der Wohnungen sind mit Steinzeug- oder Laminatb\u00f6den ausgestattet. Die Badezimmer verf\u00fcgen \u00fcber Feinsteinzeugb\u00f6den und keramische Wandfliesen.<\/p>\n<p>Die K\u00fcchen sind im M\u00f6belbereich mit Quarzarbeitsplatten ausgestattet.<br \/>\nIn Bereichen, in denen Klimakan\u00e4le verlaufen, sind glatte Zwischendecken vorhanden.<\/p>\n<p>Die Innenw\u00e4nde der H\u00e4user sind mit glatter Farbe gestrichen.<\/p>\n<p>Die Terrassen sind mit rutschfesten Au\u00dfenb\u00f6den aus Porzellan ausgestattet.<\/p>\n<p><strong>Au\u00dfenschreinereiarbeiten<\/strong><\/p>\n<p>Fenster und Terrassent\u00fcren bestehen aus Aluminium oder PVC mit Doppelverglasung, Isolierkammer und thermischer Trennung.<\/p>\n<p>Rollladenk\u00e4sten sind mit einer integrierten W\u00e4rmed\u00e4mmung ausgestattet.<\/p>\n<p>Rolll\u00e4den in den Schlafzimmern bestehen aus w\u00e4rmeged\u00e4mmten Profilen.<\/p>\n<p><strong>Innenausbau<\/strong><\/p>\n<p>Die Eingangst\u00fcr zum Haus ist eine Panzert\u00fcr mit Sicherheitsschloss und Guckloch.<\/p>\n<p>Bei den Innent\u00fcren handelt es sich um glatte, lackierte T\u00fcren.<\/p>\n<p>Einbauschr\u00e4nke in gleicher Art und Qualit\u00e4t wie die Innent\u00fcren, mit Zwischenboden und Kleiderstange.<\/p>\n<p><strong>K\u00fcche: M\u00f6bel und Ger\u00e4te<\/strong><\/p>\n<p>Die K\u00fcchen sind mit Hoch- und Unterschr\u00e4nken ausgestattet.<\/p>\n<p>Sie sind mit folgenden Ger\u00e4ten ausgestattet: Backofen, Mikrowelle, Induktionskochfeld und Dunstabzugshaube.<\/p>\n<p>Die Arbeitsplatte besteht aus kompaktem Quarz oder einem \u00e4hnlichen Material.<\/p>\n<p>Edelstahlsp\u00fcle und hoher Wasserhahn.<\/p>\n<p><strong>Strom und Telekommunikation<\/strong><\/p>\n<p>Die Elektroinstallation entspricht den geltenden Vorschriften (REBT und CTE).<\/p>\n<p>Video-Gegensprechanlage zur Zugangskontrolle.<\/p>\n<p>TV-Anschl\u00fcsse in Wohnzimmer, K\u00fcche und Schlafzimmern.<\/p>\n<p>Telefonanschl\u00fcsse in Wohnzimmer, K\u00fcche und Elternschlafzimmer entsprechend der aktuellen Vorschriften.<\/p>\n<p><strong>Sanit\u00e4r und Armaturen<\/strong><\/p>\n<p>Sanit\u00e4rkeramik aus wei\u00df glasiertem Porzellan mit Einhebelmischbatterien.<\/p>\n<p>Badewannen und\/oder Duschwannen aus Harz, je nach Haustyp.<\/p>\n<p>Aufsatzwaschbecken und Spiegel im Hauptbadezimmer.<\/p>\n<p><strong>Klimaanlage und Warmwasser<\/strong><\/p>\n<p>Kanalisierte Klimaanlage (Warm-\/Kaltpumpe) in allen R\u00e4umen (au\u00dfer Badezimmern und K\u00fcchen).<\/p>\n<p>Mechanisches Bel\u00fcftungssystem in K\u00fcchen und Badezimmern (sowohl komplette als auch halbe Badezimmer).<\/p>\n<p>System zur Erzeugung von Warmwasser (DHW) mittels Aerothermie oder W\u00e4rmepumpe.<\/p>\n<p><strong>Allgemeine Installationen<\/strong><\/p>\n<p>Automatische Fahrzeugzugangst\u00fcr.<\/p>\n<p>Gemeinschaftspool.<\/p>\n<p>Gro\u00dfz\u00fcgig angelegte G\u00e4rten.<\/p>\n<p>Einrichtungen in Kellern zum Laden von Elektrofahrzeugen gem\u00e4\u00df den Vorschriften.<\/p>\n<p><strong>Outdoor-Sportbereiche<\/strong><\/p>\n<p>Fitnessraum.<\/p>\n<p>Gemeinschaftsbereich.<\/p>\n<p>Yoga- und Achtsamkeitsraum.<\/p>\n<p><strong>Energieausweis<\/strong><\/p>\n<p>Das Geb\u00e4ude verf\u00fcgt (in dieser Projektphase) \u00fcber die Energieklasse B.<\/p>\n<pre><em>Kommentare:<\/em>\r\n<em>Diese Website dient ausschlie\u00dflich Informationszwecken und ist nicht vertraglich bindend.<\/em>\r\n<em>Infografiken und Grundrisse basieren auf einem ersten Entwurf und k\u00f6nnen sich aufgrund administrativer, technischer oder rechtlicher Anforderungen \u00e4ndern. Der Entwickler beh\u00e4lt sich das Recht vor, notwendige einseitige \u00c4nderungen vorzunehmen, ohne die Projektziele wesentlich zu ver\u00e4ndern und die Qualit\u00e4t der Materialien zu beeintr\u00e4chtigen. Diese werden durch gleichwertige oder h\u00f6herwertige Materialien ersetzt.\r\n<\/em><em>M\u00f6bel und Dekoration auf Infografiken und Grundrissen sind nicht enthalten.\r\n<\/em><em>Oberfl\u00e4chen, Qualit\u00e4ten, Farben, Sanit\u00e4reinrichtungen und K\u00fcchenm\u00f6bel sind lediglich Beispiele und nicht vertraglich bindend.<\/em>.<\/pre>\n<p>&nbsp;<\/p>\n<\/div>\n\n\t\t<\/div>\n\t<\/div>\n\n\t<div class=\"wpb_text_column wpb_content_element\" >\n\t\t<div class=\"wpb_wrapper\">\n\t\t\t<p>M\u00f6chten Sie aktuelle Informationen zu Verf\u00fcgbarkeit und Preisen erhalten? Frag uns <a href=\"https:\/\/hipodromomijas.com\/de\/mehr-informationen\/\"><strong>Informationspaket mit ausf\u00fchrlichen Informationen und Brosch\u00fcre unter &gt;&gt;&gt;<\/strong><\/a><\/p>\n<p>Sie haben eine konkrete Frage oder m\u00f6chten einen Termin vereinbaren? Rufen Sie Ron de Vries unter +34 677 67 04 80 an<\/p>\n\n\t\t<\/div>\n\t<\/div>\n<div class=\"vc_btn3-container vc_btn3-center\" ><a class=\"vc_general vc_btn3 vc_btn3-size-md vc_btn3-shape-square vc_btn3-style-modern vc_btn3-color-warning\" href=\"https:\/\/hipodromomijas.com\/de\/mehr-informationen\/\" title=\"Mehr Informationen\">INFORMATIONSPAKET ANFORDERN<\/a><\/div>\n\t\t<\/div>\n\t<\/div>\n\t<\/div>\n\n<\/div>\n<\/div>\n\n<\/section>","protected":false},"excerpt":{"rendered":"<p>\u2026 <a class=\"more-link\" href=\"https:\/\/hipodromomijas.com\/de\/der-komplex\/\">Weiterlesen<\/a><\/p>","protected":false},"author":1,"featured_media":4374,"parent":0,"menu_order":3,"comment_status":"closed","ping_status":"closed","template":"","meta":{"footnotes":""},"class_list":["post-95","page","type-page","status-publish","has-post-thumbnail","hentry"],"yoast_head":"<!-- This site is optimized with the Yoast SEO plugin v26.0 - https:\/\/yoast.com\/wordpress\/plugins\/seo\/ -->\n<title>Over Hip\u00f3dromo Mijas - Hip\u00f3dromo Mijas<\/title>\n<meta name=\"robots\" content=\"index, follow, max-snippet:-1, max-image-preview:large, max-video-preview:-1\" \/>\n<link rel=\"canonical\" href=\"https:\/\/hipodromomijas.com\/de\/der-komplex\/\" \/>\n<meta property=\"og:locale\" content=\"de_DE\" \/>\n<meta property=\"og:type\" content=\"article\" \/>\n<meta property=\"og:title\" content=\"Over Hip\u00f3dromo Mijas - Hip\u00f3dromo Mijas\" \/>\n<meta property=\"og:url\" content=\"https:\/\/hipodromomijas.com\/de\/der-komplex\/\" \/>\n<meta property=\"og:site_name\" content=\"Hip\u00f3dromo Mijas\" \/>\n<meta property=\"article:modified_time\" content=\"2026-04-15T12:56:47+00:00\" \/>\n<meta property=\"og:image\" content=\"https:\/\/hipodromomijas.com\/wp-content\/uploads\/sites\/57\/2025\/06\/Hipo-Mijas-Pool.jpg\" \/>\n\t<meta property=\"og:image:width\" content=\"1390\" \/>\n\t<meta property=\"og:image:height\" content=\"785\" \/>\n\t<meta property=\"og:image:type\" content=\"image\/jpeg\" \/>\n<meta name=\"twitter:card\" content=\"summary_large_image\" \/>\n<meta name=\"twitter:label1\" content=\"Gesch\u00e4tzte Lesezeit\" \/>\n\t<meta name=\"twitter:data1\" content=\"5\u00a0Minuten\" \/>\n<script type=\"application\/ld+json\" class=\"yoast-schema-graph\">{\"@context\":\"https:\/\/schema.org\",\"@graph\":[{\"@type\":\"WebPage\",\"@id\":\"https:\/\/hipodromomijas.com\/het-complex\/\",\"url\":\"https:\/\/hipodromomijas.com\/het-complex\/\",\"name\":\"Over Hip\u00f3dromo Mijas - Hip\u00f3dromo Mijas\",\"isPartOf\":{\"@id\":\"https:\/\/hipodromomijas.com\/#website\"},\"primaryImageOfPage\":{\"@id\":\"https:\/\/hipodromomijas.com\/het-complex\/#primaryimage\"},\"image\":{\"@id\":\"https:\/\/hipodromomijas.com\/het-complex\/#primaryimage\"},\"thumbnailUrl\":\"https:\/\/hipodromomijas.com\/wp-content\/uploads\/sites\/57\/2025\/06\/Hipo-Mijas-Pool.jpg\",\"datePublished\":\"2022-01-27T10:58:29+00:00\",\"dateModified\":\"2026-04-15T12:56:47+00:00\",\"breadcrumb\":{\"@id\":\"https:\/\/hipodromomijas.com\/het-complex\/#breadcrumb\"},\"inLanguage\":\"de\",\"potentialAction\":[{\"@type\":\"ReadAction\",\"target\":[\"https:\/\/hipodromomijas.com\/het-complex\/\"]}]},{\"@type\":\"ImageObject\",\"inLanguage\":\"de\",\"@id\":\"https:\/\/hipodromomijas.com\/het-complex\/#primaryimage\",\"url\":\"https:\/\/hipodromomijas.com\/wp-content\/uploads\/sites\/57\/2025\/06\/Hipo-Mijas-Pool.jpg\",\"contentUrl\":\"https:\/\/hipodromomijas.com\/wp-content\/uploads\/sites\/57\/2025\/06\/Hipo-Mijas-Pool.jpg\",\"width\":1390,\"height\":785},{\"@type\":\"BreadcrumbList\",\"@id\":\"https:\/\/hipodromomijas.com\/het-complex\/#breadcrumb\",\"itemListElement\":[{\"@type\":\"ListItem\",\"position\":1,\"name\":\"Home\",\"item\":\"https:\/\/hipodromomijas.com\/\"},{\"@type\":\"ListItem\",\"position\":2,\"name\":\"Over Hip\u00f3dromo Mijas\"}]},{\"@type\":\"WebSite\",\"@id\":\"https:\/\/hipodromomijas.com\/#website\",\"url\":\"https:\/\/hipodromomijas.com\/\",\"name\":\"Hip\u00f3dromo Mijas\",\"description\":\"In the new hotspot of the Costa Del Sol\",\"potentialAction\":[{\"@type\":\"SearchAction\",\"target\":{\"@type\":\"EntryPoint\",\"urlTemplate\":\"https:\/\/hipodromomijas.com\/?s={search_term_string}\"},\"query-input\":{\"@type\":\"PropertyValueSpecification\",\"valueRequired\":true,\"valueName\":\"search_term_string\"}}],\"inLanguage\":\"de\"}]}<\/script>\n<!-- \/ Yoast SEO plugin. -->","yoast_head_json":{"title":"\u00dcber Hip\u00f3dromo Mijas - Hip\u00f3dromo Mijas","robots":{"index":"index","follow":"follow","max-snippet":"max-snippet:-1","max-image-preview":"max-image-preview:large","max-video-preview":"max-video-preview:-1"},"canonical":"https:\/\/hipodromomijas.com\/de\/der-komplex\/","og_locale":"de_DE","og_type":"article","og_title":"Over Hip\u00f3dromo Mijas - Hip\u00f3dromo Mijas","og_url":"https:\/\/hipodromomijas.com\/de\/der-komplex\/","og_site_name":"Hip\u00f3dromo Mijas","article_modified_time":"2026-04-15T12:56:47+00:00","og_image":[{"width":1390,"height":785,"url":"https:\/\/hipodromomijas.com\/wp-content\/uploads\/sites\/57\/2025\/06\/Hipo-Mijas-Pool.jpg","type":"image\/jpeg"}],"twitter_card":"summary_large_image","twitter_misc":{"Gesch\u00e4tzte Lesezeit":"5\u00a0Minuten"},"schema":{"@context":"https:\/\/schema.org","@graph":[{"@type":"WebPage","@id":"https:\/\/hipodromomijas.com\/het-complex\/","url":"https:\/\/hipodromomijas.com\/het-complex\/","name":"\u00dcber Hip\u00f3dromo Mijas - Hip\u00f3dromo Mijas","isPartOf":{"@id":"https:\/\/hipodromomijas.com\/#website"},"primaryImageOfPage":{"@id":"https:\/\/hipodromomijas.com\/het-complex\/#primaryimage"},"image":{"@id":"https:\/\/hipodromomijas.com\/het-complex\/#primaryimage"},"thumbnailUrl":"https:\/\/hipodromomijas.com\/wp-content\/uploads\/sites\/57\/2025\/06\/Hipo-Mijas-Pool.jpg","datePublished":"2022-01-27T10:58:29+00:00","dateModified":"2026-04-15T12:56:47+00:00","breadcrumb":{"@id":"https:\/\/hipodromomijas.com\/het-complex\/#breadcrumb"},"inLanguage":"de","potentialAction":[{"@type":"ReadAction","target":["https:\/\/hipodromomijas.com\/het-complex\/"]}]},{"@type":"ImageObject","inLanguage":"de","@id":"https:\/\/hipodromomijas.com\/het-complex\/#primaryimage","url":"https:\/\/hipodromomijas.com\/wp-content\/uploads\/sites\/57\/2025\/06\/Hipo-Mijas-Pool.jpg","contentUrl":"https:\/\/hipodromomijas.com\/wp-content\/uploads\/sites\/57\/2025\/06\/Hipo-Mijas-Pool.jpg","width":1390,"height":785},{"@type":"BreadcrumbList","@id":"https:\/\/hipodromomijas.com\/het-complex\/#breadcrumb","itemListElement":[{"@type":"ListItem","position":1,"name":"Home","item":"https:\/\/hipodromomijas.com\/"},{"@type":"ListItem","position":2,"name":"Over Hip\u00f3dromo Mijas"}]},{"@type":"WebSite","@id":"https:\/\/hipodromomijas.com\/#website","url":"https:\/\/hipodromomijas.com\/","name":"Hip\u00f3dromo von Mijas","description":"Im neuen Hotspot der Costa Del Sol","potentialAction":[{"@type":"SearchAction","target":{"@type":"EntryPoint","urlTemplate":"https:\/\/hipodromomijas.com\/?s={search_term_string}"},"query-input":{"@type":"PropertyValueSpecification","valueRequired":true,"valueName":"search_term_string"}}],"inLanguage":"de"}]}},"_links":{"self":[{"href":"https:\/\/hipodromomijas.com\/de\/wp-json\/wp\/v2\/pages\/95","targetHints":{"allow":["GET"]}}],"collection":[{"href":"https:\/\/hipodromomijas.com\/de\/wp-json\/wp\/v2\/pages"}],"about":[{"href":"https:\/\/hipodromomijas.com\/de\/wp-json\/wp\/v2\/types\/page"}],"author":[{"embeddable":true,"href":"https:\/\/hipodromomijas.com\/de\/wp-json\/wp\/v2\/users\/1"}],"replies":[{"embeddable":true,"href":"https:\/\/hipodromomijas.com\/de\/wp-json\/wp\/v2\/comments?post=95"}],"version-history":[{"count":101,"href":"https:\/\/hipodromomijas.com\/de\/wp-json\/wp\/v2\/pages\/95\/revisions"}],"predecessor-version":[{"id":4448,"href":"https:\/\/hipodromomijas.com\/de\/wp-json\/wp\/v2\/pages\/95\/revisions\/4448"}],"wp:featuredmedia":[{"embeddable":true,"href":"https:\/\/hipodromomijas.com\/de\/wp-json\/wp\/v2\/media\/4374"}],"wp:attachment":[{"href":"https:\/\/hipodromomijas.com\/de\/wp-json\/wp\/v2\/media?parent=95"}],"curies":[{"name":"wp","href":"https:\/\/api.w.org\/{rel}","templated":true}]}}