{"id":95,"date":"2022-01-27T10:58:29","date_gmt":"2022-01-27T10:58:29","guid":{"rendered":"http:\/\/cognito.mprinsdesign.nl\/?page_id=95"},"modified":"2026-04-15T12:56:47","modified_gmt":"2026-04-15T12:56:47","slug":"komplex","status":"publish","type":"page","link":"https:\/\/hipodromomijas.com\/cs\/komplex\/","title":{"rendered":"O Hip\u00f3dromu v Mijasu"},"content":{"rendered":"<section class=\"wpb-content-wrapper\">\n<div  class=\"content_row row page-content vc_row wpb_row  default-style fullwidth\" >\n\t\n\t<div class=\"content_row_wrapper  default\" >\n\t<div id=\"asdasd\" class=\"vc_col-sm-12 wpb_column vc_column_container\" >\n\t<div class=\"vc_column-inner\">\n\t\t<div class=\"wpb_wrapper\" >\n\t\t\t<div class=\"rt_heading_wrapper no-style\">\n\t\t\t\t\t\t<h1 class=\"rt_heading  no-style\"  style=\"font-size:24px;margin-top:24px;margin-bottom:0px;\">Hipodrom Mijas- <span class=\"after_h1\">novostavba Mijas<\/span><\/h1> \n\t\t\t\t\t<\/div><div class=\"vc_empty_space\"   style=\"height: 32px\"><span class=\"vc_empty_space_inner\"><\/span><\/div><div class=\"vc_separator wpb_content_element vc_separator_align_center vc_sep_width_100 vc_sep_style-4 vc_sep_pos_align_center vc_separator_no_text vc_sep_color_grey\" ><span class=\"vc_sep_holder vc_sep_holder_l\"><span class=\"vc_sep_line\"><\/span><\/span><span class=\"vc_sep_holder vc_sep_holder_r\"><span class=\"vc_sep_line\"><\/span><\/span>\n<\/div>\n\t<div class=\"wpb_text_column wpb_content_element\" >\n\t\t<div class=\"wpb_wrapper\">\n\t\t\t<div class=\"\">\n<p><strong>Hipodrom Mijas<\/strong>, speci\u00e1ln\u00ed reziden\u010dn\u00ed projekt v <strong>Mijas, \u0160pan\u011blsko<\/strong>, pobl\u00ed\u017e Hip\u00f3dromo Costa del Sol, b\u00fdval\u00e9ho dostihov\u00e9ho z\u00e1vodi\u0161t\u011b. Projekt zahrnuje <strong>117 modern\u00edch apartm\u00e1n\u016f<\/strong> z <strong>1, 2 nebo 3 lo\u017enice<\/strong>, rozkl\u00e1daj\u00edc\u00ed se ve 3 budov\u00e1ch o 4 podla\u017e\u00edch a v penthousu. V\u0161echny domy maj\u00ed <strong>prostorn\u00e9 terasy s v\u00fdhledem na mo\u0159e a gar\u00e1\u017e\u00ed a \u00falo\u017en\u00fdm prostorem<\/strong><\/p>\n<p><strong>Ceny a dostupnost<\/strong><\/p>\n<ul>\n<li style=\"font-weight: 400;\" aria-level=\"1\"><span style=\"font-weight: 400;\">K dispozici je 117 dom\u016f s n\u00e1sleduj\u00edc\u00edmi vyvol\u00e1vac\u00edmi cenami (15. 4. 2026):<\/span>\n<ul>\n<li style=\"font-weight: 400;\" aria-level=\"2\">2 lo\u017enice od <strong>\u20ac 278.000 <\/strong>+ DPH<\/li>\n<li style=\"font-weight: 400;\" aria-level=\"2\">3 lo\u017enice od <strong>\u20ac 344.000 <\/strong>+ DPH<\/li>\n<\/ul>\n<\/li>\n<\/ul>\n<p><a href=\"https:\/\/hipodromomijas.com\/cs\/vice-informaci\/\"><strong><em>Vy\u017e\u00e1dejte si aktu\u00e1ln\u00ed cen\u00edk v\u0161ech dostupn\u00fdch dom\u016f s p\u016fdorysy.<\/em><\/strong><\/a><\/p>\n<\/div>\n\n\t\t<\/div>\n\t<\/div>\n\n\t<div  class=\"wpb_single_image wpb_content_element vc_align_center\">\n\t\t\n\t\t<figure class=\"wpb_wrapper vc_figure\">\n\t\t\t<div class=\"vc_single_image-wrapper   vc_box_border_grey\"><img fetchpriority=\"high\" decoding=\"async\" width=\"1390\" height=\"785\" src=\"https:\/\/hipodromomijas.com\/wp-content\/uploads\/sites\/57\/2025\/07\/Hipo-Mijas-Pool-1.jpg\" class=\"vc_single_image-img attachment-full\" alt=\"Hipodrom v Mijasu v M\u00e1laze\" title=\"Baz\u00e9n Hipo-Mijas\" srcset=\"https:\/\/hipodromomijas.com\/wp-content\/uploads\/sites\/57\/2025\/07\/Hipo-Mijas-Pool-1.jpg 1390w, https:\/\/hipodromomijas.com\/wp-content\/uploads\/sites\/57\/2025\/07\/Hipo-Mijas-Pool-1-300x169.jpg 300w, https:\/\/hipodromomijas.com\/wp-content\/uploads\/sites\/57\/2025\/07\/Hipo-Mijas-Pool-1-1024x578.jpg 1024w, https:\/\/hipodromomijas.com\/wp-content\/uploads\/sites\/57\/2025\/07\/Hipo-Mijas-Pool-1-768x434.jpg 768w, https:\/\/hipodromomijas.com\/wp-content\/uploads\/sites\/57\/2025\/07\/Hipo-Mijas-Pool-1-18x10.jpg 18w\" sizes=\"(max-width: 1390px) 100vw, 1390px\" \/><\/div>\n\t\t<\/figure>\n\t<\/div>\n<div class=\"vc_btn3-container vc_btn3-center\" id=\"info\" ><a class=\"vc_general vc_btn3 vc_btn3-size-md vc_btn3-shape-square vc_btn3-style-modern vc_btn3-color-warning\" href=\"https:\/\/hipodromomijas.com\/cs\/vice-informaci\/\" title=\"V\u00edce informac\u00ed\">VY\u017d\u00c1DEJTE INFORMA\u010cN\u00cd BAL\u00cd\u010cEK<\/a><\/div>\n\t<div class=\"wpb_text_column wpb_content_element\" >\n\t\t<div class=\"wpb_wrapper\">\n\t\t\t<p><strong>Objevte Hip\u00f3drom Mijas <\/strong><\/p>\n<p>Objevte Hip\u00f3dromo Mijas, exkluzivn\u00ed nov\u00fd developersk\u00fd projekt se 117 domy s jednou, dv\u011bma a t\u0159emi lo\u017enicemi, navr\u017een\u00fdmi z vysoce kvalitn\u00edch materi\u00e1l\u016f a povrchov\u00fdch \u00faprav. U\u017eijte si sv\u011btl\u00e9 terasy a n\u00e1dhern\u00fd v\u00fdhled.<\/p>\n<p>Modern\u00ed a funk\u010dn\u00ed design poskytuje p\u0159irozen\u00e9 sv\u011btlo a prostorn\u00e9 obytn\u00e9 prostory. V\u0161echny domy jsou pln\u011b vybaveny vestav\u011bnou kuchyn\u00ed a spot\u0159ebi\u010di, aeroterm\u00e1ln\u00edm syst\u00e9mem oh\u0159evu vody a klimatizac\u00ed.<\/p>\n<p>Hip\u00f3dromo Mijas se nach\u00e1z\u00ed v jedine\u010dn\u00e9m p\u0159\u00edrodn\u00edm prost\u0159ed\u00ed mezi mo\u0159em a horami a nab\u00edz\u00ed soukromou urbanizaci s upraven\u00fdmi zahradami, spole\u010dn\u00fdm baz\u00e9nem, pln\u011b vybavenou posilovnou, prostorem pro j\u00f3gu a mindfulness, venkovn\u00ed sportovn\u00ed z\u00f3nou a prostorem pro setk\u00e1n\u00ed ur\u010den\u00fdm k oslav\u011b zvl\u00e1\u0161tn\u00edch okam\u017eik\u016f.<\/p>\n<p>Urbanizace Hip\u00f3dromo Mijas se nach\u00e1z\u00ed v obci Mijas, hned vedle Hip\u00f3dromu na pob\u0159e\u017e\u00ed Costa del Sol a pouh\u00fdch 25 minut od Marbelly. Vynikaj\u00edc\u00ed infrastruktura poskytuje skv\u011bl\u00e9 spojen\u00ed s mezin\u00e1rodn\u00edmi leti\u0161ti v M\u00e1laze a Gibraltaru. Je bl\u00edzko pl\u00e1\u017e\u00ed, golfov\u00fdch h\u0159i\u0161\u0165, restaurac\u00ed, n\u00e1kupn\u00edch center, p\u0159\u00edstav\u016f a v\u0161eho, co d\u011bl\u00e1 Costa del Sol jedine\u010dn\u00fdm m\u00edstem.<\/p>\n<p>Bydlete ve v\u00fdjime\u010dn\u00e9m reziden\u010dn\u00edm komplexu, kter\u00fd kombinuje exkluzivitu, pohodl\u00ed a pohodu v privilegovan\u00e9m prost\u0159ed\u00ed. Ud\u011blejte si z Hip\u00f3dromo Mijas sv\u016fj nov\u00fd domov.<\/p>\n<p><b>Spole\u010dn\u00e9 prostory Hip\u00f3dromo Mijas:<\/b><\/p>\n<ul>\n<li style=\"font-weight: 400;\" aria-level=\"1\">zelen\u00e9, vkusn\u011b upraven\u00e9 zahrady<\/li>\n<li style=\"font-weight: 400;\" aria-level=\"1\">kr\u00e1sn\u00fd baz\u00e9n<\/li>\n<li style=\"font-weight: 400;\" aria-level=\"1\">r\u016fzn\u00e9 odpo\u010dinkov\u00e9 z\u00f3ny<\/li>\n<li style=\"font-weight: 400;\" aria-level=\"1\">posilovna<\/li>\n<li style=\"font-weight: 400;\" aria-level=\"1\">spole\u010densk\u00e1 m\u00edstnost<\/li>\n<li style=\"font-weight: 400;\" aria-level=\"1\">speci\u00e1ln\u00ed m\u00edstnost na j\u00f3gu<\/li>\n<li style=\"font-weight: 400;\" aria-level=\"1\">zasedac\u00ed m\u00edstnost s kuchy\u0148sk\u00fdm vybaven\u00edm<\/li>\n<li style=\"font-weight: 400;\" aria-level=\"1\">venkovn\u00ed fitness\/kalistenick\u00e1 z\u00f3na<\/li>\n<\/ul>\n<p><strong>Nakupujte s d\u016fv\u011brou<\/strong><\/p>\n<p>Developerem tohoto projektu je vysoce zku\u0161en\u00e1 a respektovan\u00e1 strana, kter\u00e1 bude dodr\u017eovat z\u00e1konn\u00e9 po\u017eadavky stanoven\u00e9 v z\u00e1kon\u011b 38\/1999 ze dne 5. listopadu, kter\u00fd mimo jin\u00e9 stanov\u00ed z\u00e1ruky pro kupuj\u00edc\u00ed novostaveb ve \u0160pan\u011blsku.<\/p>\n\n\t\t<\/div>\n\t<\/div>\n\n\t<div  class=\"wpb_single_image wpb_content_element vc_align_center\">\n\t\t\n\t\t<figure class=\"wpb_wrapper vc_figure\">\n\t\t\t<div class=\"vc_single_image-wrapper   vc_box_border_grey\"><img decoding=\"async\" width=\"1600\" height=\"897\" src=\"https:\/\/hipodromomijas.com\/wp-content\/uploads\/sites\/57\/2025\/06\/Hipo-Mijas-Fitness.jpg\" class=\"vc_single_image-img attachment-full\" alt=\"Fitness Hip\u00f3dromiu Mijas\" title=\"Hipo-Mijas-Fitness\" srcset=\"https:\/\/hipodromomijas.com\/wp-content\/uploads\/sites\/57\/2025\/06\/Hipo-Mijas-Fitness.jpg 1600w, https:\/\/hipodromomijas.com\/wp-content\/uploads\/sites\/57\/2025\/06\/Hipo-Mijas-Fitness-300x168.jpg 300w, https:\/\/hipodromomijas.com\/wp-content\/uploads\/sites\/57\/2025\/06\/Hipo-Mijas-Fitness-1024x574.jpg 1024w, https:\/\/hipodromomijas.com\/wp-content\/uploads\/sites\/57\/2025\/06\/Hipo-Mijas-Fitness-768x431.jpg 768w, https:\/\/hipodromomijas.com\/wp-content\/uploads\/sites\/57\/2025\/06\/Hipo-Mijas-Fitness-1536x861.jpg 1536w, https:\/\/hipodromomijas.com\/wp-content\/uploads\/sites\/57\/2025\/06\/Hipo-Mijas-Fitness-18x10.jpg 18w\" sizes=\"(max-width: 1600px) 100vw, 1600px\" \/><\/div>\n\t\t<\/figure>\n\t<\/div>\n<div class=\"vc_btn3-container vc_btn3-center\" ><a class=\"vc_general vc_btn3 vc_btn3-size-md vc_btn3-shape-square vc_btn3-style-modern vc_btn3-color-warning\" href=\"https:\/\/hipodromomijas.com\/cs\/vice-informaci\/\" title=\"V\u00edce informac\u00ed\">VY\u017d\u00c1DEJTE INFORMA\u010cN\u00cd BAL\u00cd\u010cEK<\/a><\/div>\n\t<div class=\"wpb_text_column wpb_content_element\" >\n\t\t<div class=\"wpb_wrapper\">\n\t\t\t<div class=\"\">\n<p><strong>HIP\u00d3DROM MIJAS \u2013 Popis konstrukce<\/strong><\/p>\n<p><strong>Nadace a konstrukce<\/strong><br \/>\nZ\u00e1klady a konstrukce jsou vyrobeny z \u017eelezobetonu.<\/p>\n<p><strong>Vnit\u0159n\u00ed st\u011bny<\/strong><br \/>\nVnit\u0159n\u00ed st\u011bny dom\u016f jsou z laminovan\u00e9ho s\u00e1drokartonu na kovov\u00e9 konstrukci s termoakustickou izolac\u00ed.<br \/>\nV koupeln\u00e1ch a kuchyn\u00edch byl instalov\u00e1n hydroizola\u010dn\u00ed syst\u00e9m.<br \/>\nD\u011blic\u00ed st\u011bny mezi domy jsou z cihel, z obou stran opl\u00e1\u0161t\u011bn\u00e9 laminovan\u00fdm s\u00e1drokartonem a akustickou izolac\u00ed.<\/p>\n<p><strong>Fas\u00e1dy a st\u0159echy<\/strong><\/p>\n<p>Fas\u00e1dy jsou z d\u011brovan\u00fdch cihel pota\u017een\u00fdch maltou, s tepeln\u011b-zvukovou izolac\u00ed v obkladu.<br \/>\nPloch\u00e9 st\u0159echy maj\u00ed tepelnou izolaci a vodot\u011bsnou asfaltovou vrstvu s povrchovou \u00fapravou ze \u0161t\u011brku.<\/p>\n<p><strong>Podlahy a \u010daloun\u011bn\u00ed<\/strong><\/p>\n<p>Ob\u00fdvac\u00ed pokoje, kuchyn\u011b a lo\u017enice dom\u016f maj\u00ed kameninovou nebo lamin\u00e1tovou podlahu. Koupelny maj\u00ed porcel\u00e1novou podlahu a keramick\u00e9 obklady.<\/p>\n<p>Kuchyn\u011b jsou v n\u00e1bytkov\u00e9 \u010d\u00e1sti vybaveny k\u0159emenn\u00fdmi pracovn\u00edmi deskami.<br \/>\nV prostor\u00e1ch, kudy proch\u00e1zej\u00ed vzduchotechnick\u00e9 potrub\u00ed, se pou\u017e\u00edvaj\u00ed hladk\u00e9 zav\u011b\u0161en\u00e9 stropy.<\/p>\n<p>Vnit\u0159n\u00ed st\u011bny dom\u016f jsou nat\u0159eny hladk\u00fdm n\u00e1t\u011brem.<\/p>\n<p>Terasy maj\u00ed protiskluzov\u00e9 porcel\u00e1nov\u00e9 venkovn\u00ed podlahy.<\/p>\n<p><strong>Venkovn\u00ed tesa\u0159stv\u00ed<\/strong><\/p>\n<p>Okna a terasov\u00e9 dve\u0159e jsou vyrobeny z hlin\u00edku nebo PVC s dvojit\u00fdm zasklen\u00edm, izola\u010dn\u00ed komorou a tepeln\u00fdm mostem.<\/p>\n<p>Roletov\u00e9 boxy jsou vybaveny vestav\u011bnou tepelnou izolac\u00ed.<\/p>\n<p>Rolety v lo\u017enic\u00edch se skl\u00e1daj\u00ed z tepeln\u011b izolovan\u00fdch profil\u016f.<\/p>\n<p><strong>Tesa\u0159stv\u00ed v interi\u00e9ru<\/strong><\/p>\n<p>Vstupn\u00ed dve\u0159e do domu jsou obrn\u011bn\u00e9 s bezpe\u010dnostn\u00edm z\u00e1mkem a kuk\u00e1tkem.<\/p>\n<p>Vnit\u0159n\u00ed dve\u0159e jsou hladk\u00e9, lakovan\u00e9.<\/p>\n<p>Vestav\u011bn\u00e9 sk\u0159\u00edn\u011b stejn\u00e9ho typu a kvality jako interi\u00e9rov\u00e9 dve\u0159e, s d\u011blic\u00ed polic\u00ed a ty\u010d\u00ed na zav\u011b\u0161en\u00ed.<\/p>\n<p><strong>Kuchyn\u011b: N\u00e1bytek a spot\u0159ebi\u010de<\/strong><\/p>\n<p>Kuchyn\u011b jsou vybaveny vysok\u00fdmi a n\u00edzk\u00fdmi sk\u0159\u00ed\u0148kami.<\/p>\n<p>Jsou vybaveny n\u00e1sleduj\u00edc\u00edmi spot\u0159ebi\u010di: trouba, mikrovlnn\u00e1 trouba, induk\u010dn\u00ed varn\u00e1 deska a digesto\u0159.<\/p>\n<p>Pracovn\u00ed deska je vyrobena z kompaktn\u00edho k\u0159emene nebo podobn\u00e9ho materi\u00e1lu.<\/p>\n<p>Nerezov\u00fd d\u0159ez a vysok\u00e1 baterie.<\/p>\n<p><strong>Elekt\u0159ina a telekomunikace<\/strong><\/p>\n<p>Elektroinstalace spl\u0148uje platn\u00e9 p\u0159edpisy (REBT a CTE).<\/p>\n<p>Video interkom pro kontrolu p\u0159\u00edstupu.<\/p>\n<p>TV p\u0159\u00edpojky v ob\u00fdvac\u00edm pokoji, kuchyni a lo\u017enic\u00edch.<\/p>\n<p>Telefonn\u00ed p\u0159\u00edpojky v ob\u00fdvac\u00edm pokoji, kuchyni a lo\u017enici v souladu s platn\u00fdmi p\u0159edpisy.<\/p>\n<p><strong>Sanit\u00e1rn\u00ed a kohoutkov\u00e9 syst\u00e9my<\/strong><\/p>\n<p>B\u00edle glazovan\u00e1 porcel\u00e1nov\u00e1 sanit\u00e1rn\u00ed keramika s jednop\u00e1kov\u00fdmi sm\u011b\u0161ovac\u00edmi bateriemi.<\/p>\n<p>Prysky\u0159i\u010dn\u00e9 vany a\/nebo sprchov\u00e9 vani\u010dky, v z\u00e1vislosti na typu domu.<\/p>\n<p>Umyvadlo na desku a zrcadlo v hlavn\u00ed koupeln\u011b.<\/p>\n<p><strong>Klimatizace a tepl\u00e1 voda<\/strong><\/p>\n<p>Klimatizace s potrub\u00edm (oh\u0159ev\/chlad) ve v\u0161ech m\u00edstnostech (krom\u011b koupelen a kuchyn\u00ed).<\/p>\n<p>Mechanick\u00e9 v\u011btr\u00e1n\u00ed v kuchyn\u00edch a koupeln\u00e1ch (kompletn\u00edch i polokoupelnov\u00fdch).<\/p>\n<p>Syst\u00e9m oh\u0159evu tepl\u00e9 u\u017eitkov\u00e9 vody (TUV) s vyu\u017eit\u00edm aerotermie nebo tepeln\u00e9ho \u010derpadla.<\/p>\n<p><strong>Obecn\u00e9 instalace<\/strong><\/p>\n<p>Automatick\u00e9 vstupn\u00ed dve\u0159e do vozidla.<\/p>\n<p>Spole\u010dn\u00fd baz\u00e9n.<\/p>\n<p>Prostorn\u00e9 upraven\u00e9 zahrady.<\/p>\n<p>Za\u0159\u00edzen\u00ed v suter\u00e9nech pro nab\u00edjen\u00ed elektromobil\u016f v souladu s p\u0159edpisy.<\/p>\n<p><strong>Venkovn\u00ed sportovn\u00ed plochy<\/strong><\/p>\n<p>Fitness m\u00edstnost.<\/p>\n<p>Spole\u010dn\u00fd prostor.<\/p>\n<p>M\u00edstnost pro j\u00f3gu a mindfulness.<\/p>\n<p><strong>Energetick\u00e1 certifikace<\/strong><\/p>\n<p>Budova m\u00e1 (v t\u00e9to f\u00e1zi projektu) energetickou t\u0159\u00eddu B.<\/p>\n<pre><em>Koment\u00e1\u0159e:<\/em>\r\n<em>Tyto webov\u00e9 str\u00e1nky slou\u017e\u00ed pouze pro informa\u010dn\u00ed \u00fa\u010dely a nejsou smluvn\u011b z\u00e1vazn\u00e9.<\/em>\r\n<em>Infografiky a p\u016fdorysy vych\u00e1zej\u00ed z p\u016fvodn\u00edho n\u00e1vrhu a mohou se zm\u011bnit z d\u016fvodu administrativn\u00edch, technick\u00fdch nebo pr\u00e1vn\u00edch po\u017eadavk\u016f. Developer si vyhrazuje pr\u00e1vo prov\u00e1d\u011bt jednostrann\u00e9 zm\u011bny, kter\u00e9 jsou nezbytn\u00e9, ani\u017e by se v\u00fdznamn\u011b zm\u011bnily c\u00edle projektu a ani\u017e by se sn\u00ed\u017eila kvalita materi\u00e1l\u016f; tyto budou nahrazeny materi\u00e1ly stejn\u00e9 nebo vy\u0161\u0161\u00ed kvality.\r\n<\/em><em>N\u00e1bytek a dekorace na infografik\u00e1ch a p\u016fdorysech nejsou zahrnuty.\r\n<\/em><em>Povrchov\u00e9 \u00fapravy, vlastnosti, barvy, hygienick\u00e1 za\u0159\u00edzen\u00ed a kuchy\u0148sk\u00fd n\u00e1bytek jsou pouze p\u0159\u00edklady a nejsou smluvn\u011b z\u00e1vazn\u00e9.<\/em>.<\/pre>\n<p>&nbsp;<\/p>\n<\/div>\n\n\t\t<\/div>\n\t<\/div>\n\n\t<div class=\"wpb_text_column wpb_content_element\" >\n\t\t<div class=\"wpb_wrapper\">\n\t\t\t<p>Chcete dost\u00e1vat nejnov\u011bj\u0161\u00ed informace o dostupnosti a cen\u00e1ch? Zeptej se n\u00e1s <a href=\"https:\/\/hipodromomijas.com\/cs\/vice-informaci\/\"><strong>informa\u010dn\u00ed bal\u00ed\u010dek s rozs\u00e1hl\u00fdmi informacemi a bro\u017eurou na &gt;&gt;&gt;<\/strong><\/a><\/p>\n<p>M\u00e1te konkr\u00e9tn\u00ed dotaz nebo byste si cht\u011bli domluvit sch\u016fzku? Zavolejte Ronovi de Vriesovi na \u010d\u00edslo +34 677 67 04 80<\/p>\n\n\t\t<\/div>\n\t<\/div>\n<div class=\"vc_btn3-container vc_btn3-center\" ><a class=\"vc_general vc_btn3 vc_btn3-size-md vc_btn3-shape-square vc_btn3-style-modern vc_btn3-color-warning\" href=\"https:\/\/hipodromomijas.com\/cs\/vice-informaci\/\" title=\"V\u00edce informac\u00ed\">VY\u017d\u00c1DEJTE INFORMA\u010cN\u00cd BAL\u00cd\u010cEK<\/a><\/div>\n\t\t<\/div>\n\t<\/div>\n\t<\/div>\n\n<\/div>\n<\/div>\n\n<\/section>","protected":false},"excerpt":{"rendered":"<p>\u2026 <a class=\"more-link\" href=\"https:\/\/hipodromomijas.com\/cs\/komplex\/\">pokra\u010dovat ve \u010dten\u00ed<\/a><\/p>","protected":false},"author":1,"featured_media":4374,"parent":0,"menu_order":3,"comment_status":"closed","ping_status":"closed","template":"","meta":{"footnotes":""},"class_list":["post-95","page","type-page","status-publish","has-post-thumbnail","hentry"],"yoast_head":"<!-- This site is optimized with the Yoast SEO plugin v26.0 - https:\/\/yoast.com\/wordpress\/plugins\/seo\/ -->\n<title>Over Hip\u00f3dromo Mijas - Hip\u00f3dromo Mijas<\/title>\n<meta name=\"robots\" content=\"index, follow, max-snippet:-1, max-image-preview:large, max-video-preview:-1\" \/>\n<link rel=\"canonical\" href=\"https:\/\/hipodromomijas.com\/cs\/komplex\/\" \/>\n<meta property=\"og:locale\" content=\"cs_CZ\" \/>\n<meta property=\"og:type\" content=\"article\" \/>\n<meta property=\"og:title\" content=\"Over Hip\u00f3dromo Mijas - Hip\u00f3dromo Mijas\" \/>\n<meta property=\"og:url\" content=\"https:\/\/hipodromomijas.com\/cs\/komplex\/\" \/>\n<meta property=\"og:site_name\" content=\"Hip\u00f3dromo Mijas\" \/>\n<meta property=\"article:modified_time\" content=\"2026-04-15T12:56:47+00:00\" \/>\n<meta property=\"og:image\" content=\"https:\/\/hipodromomijas.com\/wp-content\/uploads\/sites\/57\/2025\/06\/Hipo-Mijas-Pool.jpg\" \/>\n\t<meta property=\"og:image:width\" content=\"1390\" \/>\n\t<meta property=\"og:image:height\" content=\"785\" \/>\n\t<meta property=\"og:image:type\" content=\"image\/jpeg\" \/>\n<meta name=\"twitter:card\" content=\"summary_large_image\" \/>\n<meta name=\"twitter:label1\" content=\"Odhadovan\u00e1 doba \u010dten\u00ed\" \/>\n\t<meta name=\"twitter:data1\" content=\"5 minut\" \/>\n<script type=\"application\/ld+json\" class=\"yoast-schema-graph\">{\"@context\":\"https:\/\/schema.org\",\"@graph\":[{\"@type\":\"WebPage\",\"@id\":\"https:\/\/hipodromomijas.com\/het-complex\/\",\"url\":\"https:\/\/hipodromomijas.com\/het-complex\/\",\"name\":\"Over Hip\u00f3dromo Mijas - Hip\u00f3dromo Mijas\",\"isPartOf\":{\"@id\":\"https:\/\/hipodromomijas.com\/#website\"},\"primaryImageOfPage\":{\"@id\":\"https:\/\/hipodromomijas.com\/het-complex\/#primaryimage\"},\"image\":{\"@id\":\"https:\/\/hipodromomijas.com\/het-complex\/#primaryimage\"},\"thumbnailUrl\":\"https:\/\/hipodromomijas.com\/wp-content\/uploads\/sites\/57\/2025\/06\/Hipo-Mijas-Pool.jpg\",\"datePublished\":\"2022-01-27T10:58:29+00:00\",\"dateModified\":\"2026-04-15T12:56:47+00:00\",\"breadcrumb\":{\"@id\":\"https:\/\/hipodromomijas.com\/het-complex\/#breadcrumb\"},\"inLanguage\":\"cs\",\"potentialAction\":[{\"@type\":\"ReadAction\",\"target\":[\"https:\/\/hipodromomijas.com\/het-complex\/\"]}]},{\"@type\":\"ImageObject\",\"inLanguage\":\"cs\",\"@id\":\"https:\/\/hipodromomijas.com\/het-complex\/#primaryimage\",\"url\":\"https:\/\/hipodromomijas.com\/wp-content\/uploads\/sites\/57\/2025\/06\/Hipo-Mijas-Pool.jpg\",\"contentUrl\":\"https:\/\/hipodromomijas.com\/wp-content\/uploads\/sites\/57\/2025\/06\/Hipo-Mijas-Pool.jpg\",\"width\":1390,\"height\":785},{\"@type\":\"BreadcrumbList\",\"@id\":\"https:\/\/hipodromomijas.com\/het-complex\/#breadcrumb\",\"itemListElement\":[{\"@type\":\"ListItem\",\"position\":1,\"name\":\"Home\",\"item\":\"https:\/\/hipodromomijas.com\/\"},{\"@type\":\"ListItem\",\"position\":2,\"name\":\"Over Hip\u00f3dromo Mijas\"}]},{\"@type\":\"WebSite\",\"@id\":\"https:\/\/hipodromomijas.com\/#website\",\"url\":\"https:\/\/hipodromomijas.com\/\",\"name\":\"Hip\u00f3dromo Mijas\",\"description\":\"In the new hotspot of the Costa Del Sol\",\"potentialAction\":[{\"@type\":\"SearchAction\",\"target\":{\"@type\":\"EntryPoint\",\"urlTemplate\":\"https:\/\/hipodromomijas.com\/?s={search_term_string}\"},\"query-input\":{\"@type\":\"PropertyValueSpecification\",\"valueRequired\":true,\"valueName\":\"search_term_string\"}}],\"inLanguage\":\"cs\"}]}<\/script>\n<!-- \/ Yoast SEO plugin. -->","yoast_head_json":{"title":"O Hip\u00f3dromo Mijas - Hip\u00f3dromo Mijas","robots":{"index":"index","follow":"follow","max-snippet":"max-snippet:-1","max-image-preview":"max-image-preview:large","max-video-preview":"max-video-preview:-1"},"canonical":"https:\/\/hipodromomijas.com\/cs\/komplex\/","og_locale":"cs_CZ","og_type":"article","og_title":"Over Hip\u00f3dromo Mijas - Hip\u00f3dromo Mijas","og_url":"https:\/\/hipodromomijas.com\/cs\/komplex\/","og_site_name":"Hip\u00f3dromo Mijas","article_modified_time":"2026-04-15T12:56:47+00:00","og_image":[{"width":1390,"height":785,"url":"https:\/\/hipodromomijas.com\/wp-content\/uploads\/sites\/57\/2025\/06\/Hipo-Mijas-Pool.jpg","type":"image\/jpeg"}],"twitter_card":"summary_large_image","twitter_misc":{"Odhadovan\u00e1 doba \u010dten\u00ed":"5 minut"},"schema":{"@context":"https:\/\/schema.org","@graph":[{"@type":"WebPage","@id":"https:\/\/hipodromomijas.com\/het-complex\/","url":"https:\/\/hipodromomijas.com\/het-complex\/","name":"O Hip\u00f3dromo Mijas - Hip\u00f3dromo Mijas","isPartOf":{"@id":"https:\/\/hipodromomijas.com\/#website"},"primaryImageOfPage":{"@id":"https:\/\/hipodromomijas.com\/het-complex\/#primaryimage"},"image":{"@id":"https:\/\/hipodromomijas.com\/het-complex\/#primaryimage"},"thumbnailUrl":"https:\/\/hipodromomijas.com\/wp-content\/uploads\/sites\/57\/2025\/06\/Hipo-Mijas-Pool.jpg","datePublished":"2022-01-27T10:58:29+00:00","dateModified":"2026-04-15T12:56:47+00:00","breadcrumb":{"@id":"https:\/\/hipodromomijas.com\/het-complex\/#breadcrumb"},"inLanguage":"cs","potentialAction":[{"@type":"ReadAction","target":["https:\/\/hipodromomijas.com\/het-complex\/"]}]},{"@type":"ImageObject","inLanguage":"cs","@id":"https:\/\/hipodromomijas.com\/het-complex\/#primaryimage","url":"https:\/\/hipodromomijas.com\/wp-content\/uploads\/sites\/57\/2025\/06\/Hipo-Mijas-Pool.jpg","contentUrl":"https:\/\/hipodromomijas.com\/wp-content\/uploads\/sites\/57\/2025\/06\/Hipo-Mijas-Pool.jpg","width":1390,"height":785},{"@type":"BreadcrumbList","@id":"https:\/\/hipodromomijas.com\/het-complex\/#breadcrumb","itemListElement":[{"@type":"ListItem","position":1,"name":"Home","item":"https:\/\/hipodromomijas.com\/"},{"@type":"ListItem","position":2,"name":"Over Hip\u00f3dromo Mijas"}]},{"@type":"WebSite","@id":"https:\/\/hipodromomijas.com\/#website","url":"https:\/\/hipodromomijas.com\/","name":"Hipodrom Mijas","description":"V nov\u00e9m l\u00e1kav\u00e9m m\u00edst\u011b na Costa del Sol","potentialAction":[{"@type":"SearchAction","target":{"@type":"EntryPoint","urlTemplate":"https:\/\/hipodromomijas.com\/?s={search_term_string}"},"query-input":{"@type":"PropertyValueSpecification","valueRequired":true,"valueName":"search_term_string"}}],"inLanguage":"cs"}]}},"_links":{"self":[{"href":"https:\/\/hipodromomijas.com\/cs\/wp-json\/wp\/v2\/pages\/95","targetHints":{"allow":["GET"]}}],"collection":[{"href":"https:\/\/hipodromomijas.com\/cs\/wp-json\/wp\/v2\/pages"}],"about":[{"href":"https:\/\/hipodromomijas.com\/cs\/wp-json\/wp\/v2\/types\/page"}],"author":[{"embeddable":true,"href":"https:\/\/hipodromomijas.com\/cs\/wp-json\/wp\/v2\/users\/1"}],"replies":[{"embeddable":true,"href":"https:\/\/hipodromomijas.com\/cs\/wp-json\/wp\/v2\/comments?post=95"}],"version-history":[{"count":101,"href":"https:\/\/hipodromomijas.com\/cs\/wp-json\/wp\/v2\/pages\/95\/revisions"}],"predecessor-version":[{"id":4448,"href":"https:\/\/hipodromomijas.com\/cs\/wp-json\/wp\/v2\/pages\/95\/revisions\/4448"}],"wp:featuredmedia":[{"embeddable":true,"href":"https:\/\/hipodromomijas.com\/cs\/wp-json\/wp\/v2\/media\/4374"}],"wp:attachment":[{"href":"https:\/\/hipodromomijas.com\/cs\/wp-json\/wp\/v2\/media?parent=95"}],"curies":[{"name":"wp","href":"https:\/\/api.w.org\/{rel}","templated":true}]}}